{"id":1183,"date":"2020-09-21T10:38:17","date_gmt":"2020-09-21T08:38:17","guid":{"rendered":"http:\/\/cartospe.com\/?page_id=1183"},"modified":"2021-03-01T21:48:04","modified_gmt":"2021-03-01T20:48:04","slug":"legal-informations","status":"publish","type":"page","link":"https:\/\/cartospe.com\/en\/legal-informations\/","title":{"rendered":"Legal informations"},"content":{"rendered":"<div data-elementor-type=\"wp-page\" data-elementor-id=\"1183\" class=\"elementor elementor-1183\">\n\t\t\t\t\t\t\t\t\t<section class=\"elementor-section elementor-top-section elementor-element elementor-element-b8fe944 elementor-section-boxed elementor-section-height-default elementor-section-height-default\" data-id=\"b8fe944\" data-element_type=\"section\" data-settings=\"{&quot;_ha_eqh_enable&quot;:false}\">\n\t\t\t\t\t\t<div class=\"elementor-container elementor-column-gap-default\">\n\t\t\t\t\t<div class=\"elementor-column elementor-col-100 elementor-top-column elementor-element elementor-element-a93c58f\" data-id=\"a93c58f\" data-element_type=\"column\">\n\t\t\t<div class=\"elementor-widget-wrap elementor-element-populated\">\n\t\t\t\t\t\t\t\t<div class=\"elementor-element elementor-element-1ce47e4 elementor-widget elementor-widget-text-editor\" data-id=\"1ce47e4\" data-element_type=\"widget\" data-widget_type=\"text-editor.default\">\n\t\t\t\t<div class=\"elementor-widget-container\">\n\t\t\t\t\t\t\t<p><strong>The\u00a0<a href=\"http:\/\/www.cartospe.fr\">www.cartospe.fr<\/a> website is published by:<\/strong><\/p><p>SAS Cartosp\u00e9 Packaging<br \/>Simplified joint stock company (SAS: Soci\u00e9t\u00e9 par Actions Simplifi\u00e9e) with a capital of \u20ac1,485,000<br \/>Entered in the trade register under number: 403 267 099<br \/>SIRET: 403 267 099 00022<br \/>APE code: 1721A<br \/>VAT No.: FR 43 403 267 099<br \/>Registered office located at<br \/>13 Voie Industrielle<br \/>60350 Attichy<br \/>CEO: Mr Christophe Bodart<\/p><p><br \/>SAS Cartosp\u00e9 Packaging is the owner of this site.<br \/>Postal address:<br \/>13 Voie Industrielle<br \/>60350 Attichy<br \/>France<br \/>Tel. +33 (0)3 44 42 73 99<br \/>Fax +33 (0)3 44 42 73 98<br \/>Eml : cartospe@cartospe.fr<\/p><p><br \/><strong>The website is hosted by:<\/strong><br \/>OVH<br \/>SAS with a capital of \u20ac500K<br \/>Trade register: RCS Roubaix \u2013 Tourcoing 424 761 419 00011<br \/>APE code: 6202A<br \/>VAT No.: FR 22 424 761 419<br \/>Registered office: 2 rue Kellermann &#8211; 59100 Roubaix &#8211; France<\/p><p>\u00a0<br \/><strong>Website creation:<\/strong><br \/>This website was designed and created wholly by SARL Ph\u00e9nix-Software which can be contacted at the following e-mail address: <a href=\"mailto:contact@phenix-software.com\">contact@phenix-software.com<\/a><\/p><p>\u00a0<\/p><p><strong>Intellectual property<\/strong><br \/>The website and its general structure, including texts, still and animated images, know-how, drawings and graphics, etc., and any other components of the website are the property either of CARTOSPE PACKAGING or of customers who have permitted CARTOSPE PACKAGING to reproduce their data. Any representation in whole or in part of the website by any means whatsoever without the express permission of the website operator is prohibited and would constitute an infringement of copyright as specified in Articles L 335-2 and following of the French intellectual property code. The trademarks of the website operator and its partners and the logos used on the website are registered trademarks (which may be semi-figurative). Any reproduction in whole or in part of those trademarks or logos achieved using components of the website without the express permission of the website operator or its representative is therefore prohibited under the terms of Article L713-2 of the French intellectual property code .<\/p><p>\u00a0<\/p><p><strong>Using Coockies<\/strong><\/p><p>What are cookies ?<\/p><p>In order to facilitate electronic communication, the user is informed that CARTOSPE PACKAGING uses cookies in relation to content requested by the user.<\/p><ol><li><u> Definition<\/u><\/li><\/ol><p>A \u00ab\u00a0cookie\u00a0\u00bb records information relating to the navigation of your computer on the Website (the pages you have consulted, the date and time of the consultation, etc.) that the Publisher may read during the subsequent visits of the &lsquo;User. Cookies are mainly used to offer a comfortable navigation by automatically recognizing the User. Thus, the User will not need, during his next visit, to refill the form he has already completed during his first visit to the User.<\/p><ol><li><u> Which cookies?<\/u><\/li><\/ol><p>The cookies used by CARTOSPE PACKAGING are used to provide the user with a more targeted customer experience by offering content tailored to his interests. Then, they make it possible to meet the expectations of navigation and customization of the services.<\/p><p>How to disable them?<\/p><p>The User can disable cookies or delete them using the options of his browser. Each browser is different, the User is invited to consult the help below to configure his browser. The User is informed that to take full advantage of the features of the Services, the activation of cookies is required. If your browser is configured to refuse all cookies, it will prevent the use of some of our services. In order to manage cookies as close as possible to your expectations, we invite you to configure your browser, taking into account the purpose of the cookies.<\/p><p>\u00a0<\/p><ol><li>Google Chrome<\/li><\/ol><p>&#8211; Click on the \u00ab\u00a0Menu\u00a0\u00bb<\/p><p>&#8211; Select \u00ab\u00a0Settings\u00a0\u00bb<\/p><p>&#8211; At the bottom of the page, click on \u00ab\u00a0Show Advanced Settings\u00a0\u00bb<\/p><p>&#8211; In the \u00ab\u00a0Privacy\u00a0\u00bb section, click on \u00ab\u00a0Content Settings\u00a0\u00bb<\/p><p>&#8211; Then select \u00ab\u00a0Prohibit all sites from storing data\u00a0\u00bb<\/p><p>&#8211; Click on \u00ab\u00a0OK\u00a0\u00bb to save the change<\/p><p>\u00a0<\/p><ol><li>Mozilla Firefox<\/li><\/ol><p>&#8211; Click on the \u00ab\u00a0Menu\u00a0\u00bb<\/p><p>&#8211; Select \u00ab\u00a0Options\u00a0\u00bb<\/p><p>&#8211; Click on the \u00ab\u00a0Privacy\u00a0\u00bb section<\/p><p>&#8211; In the \u00ab\u00a0History\u00a0\u00bb section, choose \u00ab\u00a0Use custom settings for history\u00a0\u00bb from the drop-down menu<\/p><p>&#8211; Uncheck the box \u00ab\u00a0Accept cookies\u00a0\u00bb<\/p><p>&#8211; Click on \u00ab\u00a0OK\u00a0\u00bb to save the change<\/p><p>\u00a0<\/p><ol><li>Internet Explorer<\/li><\/ol><p>&#8211; Click on \u00ab\u00a0Tools\u00a0\u00bb<\/p><p>&#8211; Then on \u00ab\u00a0Internet Options\u00a0\u00bb<\/p><p>&#8211; Go to the \u00ab\u00a0Privacy\u00a0\u00bb tab<\/p><p>&#8211; Click on \u00ab\u00a0Settings\u00a0\u00bb<\/p><p>&#8211; Move the cursor up to block all cookies<\/p><p>\u00a0<\/p><p><strong>Privacy policy<\/strong><\/p><p>For what purpose do we process your personal data?<\/p><p>At CARTOSPE PACKAGING, we may process your personal data from the \u00ab\u00a0Contact\u00a0\u00bb form, which enables us to answer all the requests and doubts our customers may have about our products.<\/p><p>Only the company CARTOSPE PACKAGING will have access to your personal data.<\/p><p>Accepting this Privacy Policy through the established process &#8211; ie by checking the box &#8211; will be considered as an affirmative statement through which the USER gives his EXPRESS AND EQUIVOCAL CONSENT &#8211; pursuant to sections 6 to 9 of the Privacy Policy. RGPD &#8211; and thus authorizes the processing of his personal data for the purposes set out in this document.<\/p><p>How long do we keep your personal data?<\/p><p>The personal data collected through the contact form will be kept by CARTOSPE PACKAGING as long as you decide. You may at any time exercise the rights that the data protection regulations make available to you.<\/p><p>Once again, you can at any time remove your name from our database and exercise the remaining rights that the current regulations recognize you by contacting us via cartospe@cartospe.fr.<\/p><p>AUTHORIZATION<\/p><p>How are we allowed to process your personal data?<\/p><p>You authorize us to process your personal data as soon as you check the box that expressly authorizes us to process the data you give us.<\/p>\t\t\t\t\t\t<\/div>\n\t\t\t\t<\/div>\n\t\t\t\t\t<\/div>\n\t\t<\/div>\n\t\t\t\t\t\t\t<\/div>\n\t\t<\/section>\n\t\t\t\t\t\t\t<\/div>","protected":false},"excerpt":{"rendered":"<p>The\u00a0www.cartospe.fr website is published by: SAS Cartosp\u00e9 PackagingSimplified joint stock company (SAS: Soci\u00e9t\u00e9 par Actions Simplifi\u00e9e) with a capital of \u20ac1,485,000Entered in the trade register&hellip;<\/p>","protected":false},"author":1,"featured_media":0,"parent":0,"menu_order":0,"comment_status":"closed","ping_status":"closed","template":"","meta":{"footnotes":""},"class_list":["post-1183","page","type-page","status-publish","hentry"],"yoast_head":"<!-- This site is optimized with the Yoast SEO plugin v21.5 - https:\/\/yoast.com\/wordpress\/plugins\/seo\/ -->\n<title>Legal informations - Cartosp\u00e9 Packaging<\/title>\n<meta name=\"robots\" content=\"index, follow, max-snippet:-1, max-image-preview:large, max-video-preview:-1\" \/>\n<link rel=\"canonical\" href=\"https:\/\/cartospe.com\/en\/legal-informations\/\" \/>\n<meta property=\"og:locale\" content=\"en_US\" \/>\n<meta property=\"og:type\" content=\"article\" \/>\n<meta property=\"og:title\" content=\"Legal informations - Cartosp\u00e9 Packaging\" \/>\n<meta property=\"og:description\" content=\"The\u00a0www.cartospe.fr website is published by: SAS Cartosp\u00e9 PackagingSimplified joint stock company (SAS: Soci\u00e9t\u00e9 par Actions Simplifi\u00e9e) with a capital of \u20ac1,485,000Entered in the trade register&hellip;\" \/>\n<meta property=\"og:url\" content=\"https:\/\/cartospe.com\/en\/legal-informations\/\" \/>\n<meta property=\"og:site_name\" content=\"Cartosp\u00e9 Packaging\" \/>\n<meta property=\"article:modified_time\" content=\"2021-03-01T20:48:04+00:00\" \/>\n<meta name=\"twitter:card\" content=\"summary_large_image\" \/>\n<meta name=\"twitter:label1\" content=\"Est. reading time\" \/>\n\t<meta name=\"twitter:data1\" content=\"4 minutes\" \/>\n<script type=\"application\/ld+json\" class=\"yoast-schema-graph\">{\"@context\":\"https:\/\/schema.org\",\"@graph\":[{\"@type\":\"WebPage\",\"@id\":\"https:\/\/cartospe.com\/en\/legal-informations\/\",\"url\":\"https:\/\/cartospe.com\/en\/legal-informations\/\",\"name\":\"Legal informations - Cartosp\u00e9 Packaging\",\"isPartOf\":{\"@id\":\"https:\/\/cartospe.com\/en\/#website\"},\"datePublished\":\"2020-09-21T08:38:17+00:00\",\"dateModified\":\"2021-03-01T20:48:04+00:00\",\"breadcrumb\":{\"@id\":\"https:\/\/cartospe.com\/en\/legal-informations\/#breadcrumb\"},\"inLanguage\":\"en-US\",\"potentialAction\":[{\"@type\":\"ReadAction\",\"target\":[\"https:\/\/cartospe.com\/en\/legal-informations\/\"]}]},{\"@type\":\"BreadcrumbList\",\"@id\":\"https:\/\/cartospe.com\/en\/legal-informations\/#breadcrumb\",\"itemListElement\":[{\"@type\":\"ListItem\",\"position\":1,\"name\":\"Home\",\"item\":\"https:\/\/cartospe.com\/en\/\"},{\"@type\":\"ListItem\",\"position\":2,\"name\":\"Legal informations\"}]},{\"@type\":\"WebSite\",\"@id\":\"https:\/\/cartospe.com\/en\/#website\",\"url\":\"https:\/\/cartospe.com\/en\/\",\"name\":\"Cartosp\u00e9 Packaging\",\"description\":\"Design and manufacture packaging\",\"publisher\":{\"@id\":\"https:\/\/cartospe.com\/en\/#organization\"},\"potentialAction\":[{\"@type\":\"SearchAction\",\"target\":{\"@type\":\"EntryPoint\",\"urlTemplate\":\"https:\/\/cartospe.com\/en\/?s={search_term_string}\"},\"query-input\":\"required name=search_term_string\"}],\"inLanguage\":\"en-US\"},{\"@type\":\"Organization\",\"@id\":\"https:\/\/cartospe.com\/en\/#organization\",\"name\":\"Cartosp\u00e9 Packaging\",\"url\":\"https:\/\/cartospe.com\/en\/\",\"logo\":{\"@type\":\"ImageObject\",\"inLanguage\":\"en-US\",\"@id\":\"https:\/\/cartospe.com\/en\/#\/schema\/logo\/image\/\",\"url\":\"https:\/\/cartospe.com\/wp-content\/uploads\/2025\/10\/cropped-Logo-Cartospe-EGG-3.png\",\"contentUrl\":\"https:\/\/cartospe.com\/wp-content\/uploads\/2025\/10\/cropped-Logo-Cartospe-EGG-3.png\",\"width\":512,\"height\":82,\"caption\":\"Cartosp\u00e9 Packaging\"},\"image\":{\"@id\":\"https:\/\/cartospe.com\/en\/#\/schema\/logo\/image\/\"}}]}<\/script>\n<!-- \/ Yoast SEO plugin. -->","yoast_head_json":{"title":"Legal informations - Cartosp\u00e9 Packaging","robots":{"index":"index","follow":"follow","max-snippet":"max-snippet:-1","max-image-preview":"max-image-preview:large","max-video-preview":"max-video-preview:-1"},"canonical":"https:\/\/cartospe.com\/en\/legal-informations\/","og_locale":"en_US","og_type":"article","og_title":"Legal informations - Cartosp\u00e9 Packaging","og_description":"The\u00a0www.cartospe.fr website is published by: SAS Cartosp\u00e9 PackagingSimplified joint stock company (SAS: Soci\u00e9t\u00e9 par Actions Simplifi\u00e9e) with a capital of \u20ac1,485,000Entered in the trade register&hellip;","og_url":"https:\/\/cartospe.com\/en\/legal-informations\/","og_site_name":"Cartosp\u00e9 Packaging","article_modified_time":"2021-03-01T20:48:04+00:00","twitter_card":"summary_large_image","twitter_misc":{"Est. reading time":"4 minutes"},"schema":{"@context":"https:\/\/schema.org","@graph":[{"@type":"WebPage","@id":"https:\/\/cartospe.com\/en\/legal-informations\/","url":"https:\/\/cartospe.com\/en\/legal-informations\/","name":"Legal informations - Cartosp\u00e9 Packaging","isPartOf":{"@id":"https:\/\/cartospe.com\/en\/#website"},"datePublished":"2020-09-21T08:38:17+00:00","dateModified":"2021-03-01T20:48:04+00:00","breadcrumb":{"@id":"https:\/\/cartospe.com\/en\/legal-informations\/#breadcrumb"},"inLanguage":"en-US","potentialAction":[{"@type":"ReadAction","target":["https:\/\/cartospe.com\/en\/legal-informations\/"]}]},{"@type":"BreadcrumbList","@id":"https:\/\/cartospe.com\/en\/legal-informations\/#breadcrumb","itemListElement":[{"@type":"ListItem","position":1,"name":"Home","item":"https:\/\/cartospe.com\/en\/"},{"@type":"ListItem","position":2,"name":"Legal informations"}]},{"@type":"WebSite","@id":"https:\/\/cartospe.com\/en\/#website","url":"https:\/\/cartospe.com\/en\/","name":"Cartosp\u00e9 Packaging","description":"Design and manufacture packaging","publisher":{"@id":"https:\/\/cartospe.com\/en\/#organization"},"potentialAction":[{"@type":"SearchAction","target":{"@type":"EntryPoint","urlTemplate":"https:\/\/cartospe.com\/en\/?s={search_term_string}"},"query-input":"required name=search_term_string"}],"inLanguage":"en-US"},{"@type":"Organization","@id":"https:\/\/cartospe.com\/en\/#organization","name":"Cartosp\u00e9 Packaging","url":"https:\/\/cartospe.com\/en\/","logo":{"@type":"ImageObject","inLanguage":"en-US","@id":"https:\/\/cartospe.com\/en\/#\/schema\/logo\/image\/","url":"https:\/\/cartospe.com\/wp-content\/uploads\/2025\/10\/cropped-Logo-Cartospe-EGG-3.png","contentUrl":"https:\/\/cartospe.com\/wp-content\/uploads\/2025\/10\/cropped-Logo-Cartospe-EGG-3.png","width":512,"height":82,"caption":"Cartosp\u00e9 Packaging"},"image":{"@id":"https:\/\/cartospe.com\/en\/#\/schema\/logo\/image\/"}}]}},"_links":{"self":[{"href":"https:\/\/cartospe.com\/en\/wp-json\/wp\/v2\/pages\/1183","targetHints":{"allow":["GET"]}}],"collection":[{"href":"https:\/\/cartospe.com\/en\/wp-json\/wp\/v2\/pages"}],"about":[{"href":"https:\/\/cartospe.com\/en\/wp-json\/wp\/v2\/types\/page"}],"author":[{"embeddable":true,"href":"https:\/\/cartospe.com\/en\/wp-json\/wp\/v2\/users\/1"}],"replies":[{"embeddable":true,"href":"https:\/\/cartospe.com\/en\/wp-json\/wp\/v2\/comments?post=1183"}],"version-history":[{"count":2,"href":"https:\/\/cartospe.com\/en\/wp-json\/wp\/v2\/pages\/1183\/revisions"}],"predecessor-version":[{"id":1185,"href":"https:\/\/cartospe.com\/en\/wp-json\/wp\/v2\/pages\/1183\/revisions\/1185"}],"wp:attachment":[{"href":"https:\/\/cartospe.com\/en\/wp-json\/wp\/v2\/media?parent=1183"}],"curies":[{"name":"wp","href":"https:\/\/api.w.org\/{rel}","templated":true}]}}